{"id":661,"date":"2025-07-22T01:08:59","date_gmt":"2025-07-21T23:08:59","guid":{"rendered":"https:\/\/ortopad.hiseo.cz\/?post_type=product&#038;p=661"},"modified":"2026-03-06T01:29:00","modified_gmt":"2026-03-06T00:29:00","slug":"ortopadfun-pack","status":"publish","type":"product","link":"https:\/\/ortopad.cz\/sk\/produkt\/ortopadfun-pack\/","title":{"rendered":"ORTOPAD\u00aeFun Pack + z\u00edskate origin\u00e1lny motiva\u010dn\u00fd \"zberate\u013esk\u00fd\" plag\u00e1t"},"content":{"rendered":"<h3 data-start=\"382\" data-end=\"441\">Okluzor na o\u010di z m\u00e4kkej netkanej bambusovej text\u00edlie<\/h3>\n<hr data-start=\"619\" data-end=\"622\" \/>\n<h3 data-start=\"624\" data-end=\"660\">Lie\u010dba tupozrakosti (amblyopie)<\/h3>\n<ul data-start=\"661\" data-end=\"889\">\n<li data-start=\"661\" data-end=\"702\">\n<p data-start=\"663\" data-end=\"702\">Vyroben\u00e9 z netkanej bambusovej text\u00edlie<\/p>\n<\/li>\n<li data-start=\"703\" data-end=\"745\">\n<p data-start=\"705\" data-end=\"745\">Pohodln\u00e9 a odoln\u00e9 po\u010das cel\u00e9ho obdobia nosenia<\/p>\n<\/li>\n<li data-start=\"746\" data-end=\"780\">\n<p data-start=\"748\" data-end=\"780\">Sveteln\u00e1 bari\u00e9ra (\u010dierny filter)<\/p>\n<\/li>\n<li data-start=\"781\" data-end=\"849\">\n<p data-start=\"783\" data-end=\"849\">Lepidlo <strong data-start=\"791\" data-end=\"822\">Tavn\u00e1 hmota citliv\u00e1 na tlak<\/strong>, bez rozp\u00fa\u0161\u0165adiel<\/p>\n<\/li>\n<li data-start=\"850\" data-end=\"889\">\n<p data-start=\"852\" data-end=\"889\">V balen\u00ed n\u00e1jdete <strong data-start=\"869\" data-end=\"889\">5 r\u00f4znych mot\u00edvov<\/strong><\/p>\n<\/li>\n<\/ul>\n<hr data-start=\"891\" data-end=\"894\" \/>\n<h3 data-start=\"896\" data-end=\"905\">Popis<\/h3>\n<h4 data-start=\"907\" data-end=\"949\">Tavn\u00e9 lepidlo citliv\u00e9 na tlak<\/h4>\n<p data-start=\"950\" data-end=\"1131\">Toto \u0161peci\u00e1lne lepidlo sa aktivuje jemn\u00fdm tlakom prsta. M\u00e1 <strong data-start=\"1009\" data-end=\"1031\">vysok\u00e1 pri\u013enavos\u0165<\/strong>, je <strong data-start=\"1036\" data-end=\"1062\">dobre zn\u00e1\u0161an\u00e9 poko\u017ekou<\/strong>, <strong data-start=\"1064\" data-end=\"1076\">priedu\u0161n\u00e9<\/strong>, <strong data-start=\"1078\" data-end=\"1098\">bez rozp\u00fa\u0161\u0165adiel<\/strong> a <strong data-start=\"1101\" data-end=\"1130\">neobsahuje pr\u00edrodn\u00fd latex<\/strong>.<\/p>\n<h4 data-start=\"1133\" data-end=\"1156\">Efekt okl\u00fazie<\/h4>\n<p data-start=\"1157\" data-end=\"1416\">Stredn\u00e1 \u010das\u0165 n\u00e1plasti je vyroben\u00e1 z m\u00e4kk\u00e9ho a tenk\u00e9ho materi\u00e1lu s <strong data-start=\"1224\" data-end=\"1249\">fotoabsorp\u010dn\u00e1 vrstva<\/strong>ktor\u00e1 zabra\u0148uje prenikaniu svetla. T\u00e1to funkcia je nevyhnutn\u00e1 pre \u00fa\u010dinnos\u0165 terapie - chr\u00e1ni oko pred sveteln\u00fdmi podnetmi, ktor\u00e9 by mohli <strong data-start=\"1379\" data-end=\"1415\">zasahuj\u00fa do lie\u010dby a zhor\u0161uj\u00fa stav oka<\/strong>.<\/p>\n<h4 data-start=\"1418\" data-end=\"1450\">Pohodlie a pozornos\u0165 venovan\u00e1 detailom<\/h4>\n<p data-start=\"1451\" data-end=\"1777\">Tvar n\u00e1plasti je <strong data-start=\"1468\" data-end=\"1522\">z\u00fa\u017een\u00fd a pred\u013a\u017een\u00fd smerom k vn\u00fatorn\u00e9mu k\u00fatiku oka<\/strong>\u010do zaru\u010duje dokonal\u00e9 pri\u013enutie v oblasti okolo oka. Tento dizajn umo\u017e\u0148uje <strong data-start=\"1600\" data-end=\"1625\">nosenie okuliarov v rovnakom \u010dase<\/strong> bez posunu objekt\u00edvu alebo nepohodlia.<br data-start=\"1658\" data-end=\"1661\" \/>Dva mal\u00e9 z\u00e1rezy v chrbtovej \u010dasti nosa <strong data-start=\"1702\" data-end=\"1729\">predch\u00e1dzanie vzniku z\u00e1hybov<\/strong>, \u010do minimalizuje riziko odlupovania po\u010das nosenia.<\/p>\n<h4 data-start=\"1779\" data-end=\"1799\">Vesel\u00e9 mot\u00edvy<\/h4>\n<p data-start=\"1800\" data-end=\"1932\">Ka\u017ed\u00e9 balenie obsahuje <strong data-start=\"1822\" data-end=\"1841\">5 r\u00f4znych vzorov<\/strong>ktor\u00e9 m\u00f4\u017eu u\u013eah\u010di\u0165 lie\u010dbu tupozrakosti a \u0161ku\u013eavosti <strong data-start=\"1892\" data-end=\"1931\">pr\u00edjemnej\u0161\u00ed a z\u00e1bavnej\u0161\u00ed z\u00e1\u017eitok<\/strong>.<\/p>\n<hr data-start=\"1934\" data-end=\"1937\" \/>\n<p data-start=\"1939\" data-end=\"2074\"><strong data-start=\"1939\" data-end=\"1978\">Ortop\u00e9d je zdravotn\u00edcka pom\u00f4cka.<\/strong><br data-start=\"1978\" data-end=\"1981\" \/>Pred pou\u017eit\u00edm si pozorne pre\u010d\u00edtajte upozornenia a pokyny.<\/p>","protected":false},"excerpt":{"rendered":"<div class=\"elementor-element elementor-element-6bfd29c elementor-widget elementor-widget-text-editor\" data-id=\"6bfd29c\" data-element_type=\"widget\" data-widget_type=\"text-editor.default\">\n<div class=\"elementor-widget-container\"><strong data-start=\"106\" data-end=\"119\">Mno\u017estvo:<\/strong> 50 kusov<\/div>\n<div class=\"elementor-widget-container\"><strong data-start=\"130\" data-end=\"143\">Ve\u013ekos\u0165:<\/strong> Junior <strong>(0-2 roky)<\/strong>, Stredn\u00e1 <strong>(2-4 roky)<\/strong> a Pravideln\u00e9 <strong>(4+ rokov).<\/strong>\u00a0 Podlo\u017eky Ortopad\u00ae s\u00fa k dispoz\u00edcii v troch ve\u013ekostiach v z\u00e1vislosti od veku die\u0165a\u0165a.<\/div>\n<\/div>\n<div class=\"elementor-element elementor-element-1e0e5e0f elementor-widget elementor-widget-woocommerce-product-price\" data-id=\"1e0e5e0f\" data-element_type=\"widget\" data-widget_type=\"woocommerce-product-price.default\">\n<div class=\"elementor-widget-container\"><\/div>\n<\/div>","protected":false},"featured_media":772,"comment_status":"open","ping_status":"closed","template":"","meta":[],"product_brand":[],"product_cat":[28,27],"product_tag":[],"class_list":{"0":"post-661","1":"product","2":"type-product","3":"status-publish","4":"has-post-thumbnail","6":"product_cat-ocni-okluzor-ortopad","7":"product_cat-produkty","9":"first","10":"instock","11":"sale","12":"taxable","13":"shipping-taxable","14":"purchasable","15":"product-type-variable"},"yoast_head":"<!-- This site is optimized with the Yoast SEO plugin v26.4 - https:\/\/yoast.com\/wordpress\/plugins\/seo\/ -->\n<title>ORTOPAD\u00aeFun Pack + z\u00edsk\u00e1te k balen\u00ed origin\u00e1ln\u00ed motiva\u010dn\u00ed \u201esb\u011bratelsk\u00fd\u201c plak\u00e1t - Ortopad\u00ae - ofici\u00e1ln\u00ed e-shop<\/title>\n<meta name=\"robots\" content=\"index, follow, max-snippet:-1, max-image-preview:large, max-video-preview:-1\" \/>\n<link rel=\"canonical\" href=\"https:\/\/ortopad.cz\/sk\/produkt\/ortopadfun-pack\/?wmc-currency=EUR\" \/>\n<meta property=\"og:locale\" content=\"sk_SK\" \/>\n<meta property=\"og:type\" content=\"article\" \/>\n<meta property=\"og:title\" content=\"ORTOPAD\u00aeFun Pack + z\u00edsk\u00e1te k balen\u00ed origin\u00e1ln\u00ed motiva\u010dn\u00ed \u201esb\u011bratelsk\u00fd\u201c plak\u00e1t - Ortopad\u00ae - ofici\u00e1ln\u00ed e-shop\" \/>\n<meta property=\"og:description\" content=\"Mno\u017estv\u00ed: 50 kus\u016f Velikost: Junior (0\u20132 roky), Medium (2\u20134 roky) a Regular (4+ let).\u00a0 Ortopad\u00ae se vyr\u00e1b\u011bj\u00ed ve t\u0159ech velikostech podle v\u011bku d\u00edt\u011bte.\" \/>\n<meta property=\"og:url\" content=\"https:\/\/ortopad.cz\/sk\/produkt\/ortopadfun-pack\/?wmc-currency=EUR\" \/>\n<meta property=\"og:site_name\" content=\"Ortopad\u00ae - ofici\u00e1ln\u00ed e-shop\" \/>\n<meta property=\"article:modified_time\" content=\"2026-03-06T00:29:00+00:00\" \/>\n<meta property=\"og:image\" content=\"https:\/\/ortopad.cz\/wp-content\/uploads\/2025\/07\/Ortopad-funpack-predek.webp\" \/>\n\t<meta property=\"og:image:width\" content=\"1920\" \/>\n\t<meta property=\"og:image:height\" content=\"1920\" \/>\n\t<meta property=\"og:image:type\" content=\"image\/webp\" \/>\n<meta name=\"twitter:card\" content=\"summary_large_image\" \/>\n<meta name=\"twitter:label1\" content=\"Predpokladan\u00fd \u010das \u010d\u00edtania\" \/>\n\t<meta name=\"twitter:data1\" content=\"2 min\u00faty\" \/>\n<script type=\"application\/ld+json\" class=\"yoast-schema-graph\">{\"@context\":\"https:\/\/schema.org\",\"@graph\":[{\"@type\":\"WebPage\",\"@id\":\"https:\/\/ortopad.cz\/produkt\/ortopadfun-pack\/\",\"url\":\"https:\/\/ortopad.cz\/produkt\/ortopadfun-pack\/\",\"name\":\"ORTOPAD\u00aeFun Pack + z\u00edsk\u00e1te k balen\u00ed origin\u00e1ln\u00ed motiva\u010dn\u00ed \u201esb\u011bratelsk\u00fd\u201c plak\u00e1t - Ortopad\u00ae - ofici\u00e1ln\u00ed e-shop\",\"isPartOf\":{\"@id\":\"https:\/\/ortopad.cz\/#website\"},\"primaryImageOfPage\":{\"@id\":\"https:\/\/ortopad.cz\/produkt\/ortopadfun-pack\/#primaryimage\"},\"image\":{\"@id\":\"https:\/\/ortopad.cz\/produkt\/ortopadfun-pack\/#primaryimage\"},\"thumbnailUrl\":\"https:\/\/ortopad.cz\/wp-content\/uploads\/2025\/07\/Ortopad-funpack-predek.webp\",\"datePublished\":\"2025-07-21T23:08:59+00:00\",\"dateModified\":\"2026-03-06T00:29:00+00:00\",\"breadcrumb\":{\"@id\":\"https:\/\/ortopad.cz\/produkt\/ortopadfun-pack\/#breadcrumb\"},\"inLanguage\":\"sk-SK\",\"potentialAction\":[{\"@type\":\"ReadAction\",\"target\":[\"https:\/\/ortopad.cz\/produkt\/ortopadfun-pack\/\"]}]},{\"@type\":\"ImageObject\",\"inLanguage\":\"sk-SK\",\"@id\":\"https:\/\/ortopad.cz\/produkt\/ortopadfun-pack\/#primaryimage\",\"url\":\"https:\/\/ortopad.cz\/wp-content\/uploads\/2025\/07\/Ortopad-funpack-predek.webp\",\"contentUrl\":\"https:\/\/ortopad.cz\/wp-content\/uploads\/2025\/07\/Ortopad-funpack-predek.webp\",\"width\":1920,\"height\":1920},{\"@type\":\"BreadcrumbList\",\"@id\":\"https:\/\/ortopad.cz\/produkt\/ortopadfun-pack\/#breadcrumb\",\"itemListElement\":[{\"@type\":\"ListItem\",\"position\":1,\"name\":\"Dom\u016f\",\"item\":\"https:\/\/ortopad.cz\/\"},{\"@type\":\"ListItem\",\"position\":2,\"name\":\"Obchod\",\"item\":\"https:\/\/ortopad.cz\/obchod\/\"},{\"@type\":\"ListItem\",\"position\":3,\"name\":\"ORTOPAD\u00aeFun Pack + z\u00edsk\u00e1te k balen\u00ed origin\u00e1ln\u00ed motiva\u010dn\u00ed \u201esb\u011bratelsk\u00fd\u201c plak\u00e1t\"}]},{\"@type\":\"WebSite\",\"@id\":\"https:\/\/ortopad.cz\/#website\",\"url\":\"https:\/\/ortopad.cz\/\",\"name\":\"Ortopad\u00ae - ofici\u00e1ln\u00ed e-shop\",\"description\":\"Ofici\u00e1ln\u00ed distributor pro Okluzn\u00ed n\u00e1plasti Ortopad\",\"publisher\":{\"@id\":\"https:\/\/ortopad.cz\/#organization\"},\"potentialAction\":[{\"@type\":\"SearchAction\",\"target\":{\"@type\":\"EntryPoint\",\"urlTemplate\":\"https:\/\/ortopad.cz\/?s={search_term_string}\"},\"query-input\":{\"@type\":\"PropertyValueSpecification\",\"valueRequired\":true,\"valueName\":\"search_term_string\"}}],\"inLanguage\":\"sk-SK\"},{\"@type\":\"Organization\",\"@id\":\"https:\/\/ortopad.cz\/#organization\",\"name\":\"Ortopad\u00ae - ofici\u00e1ln\u00ed e-shop\",\"url\":\"https:\/\/ortopad.cz\/\",\"logo\":{\"@type\":\"ImageObject\",\"inLanguage\":\"sk-SK\",\"@id\":\"https:\/\/ortopad.cz\/#\/schema\/logo\/image\/\",\"url\":\"https:\/\/ortopad.cz\/wp-content\/uploads\/2025\/06\/Logo-medical-vision.webp\",\"contentUrl\":\"https:\/\/ortopad.cz\/wp-content\/uploads\/2025\/06\/Logo-medical-vision.webp\",\"width\":1072,\"height\":482,\"caption\":\"Ortopad\u00ae - ofici\u00e1ln\u00ed e-shop\"},\"image\":{\"@id\":\"https:\/\/ortopad.cz\/#\/schema\/logo\/image\/\"}}]}<\/script>\n<!-- \/ Yoast SEO plugin. -->","yoast_head_json":{"title":"ORTOPAD\u00aeFun Pack + z\u00edsk\u00e1te k balen\u00ed origin\u00e1ln\u00ed motiva\u010dn\u00ed \u201esb\u011bratelsk\u00fd\u201c plak\u00e1t - Ortopad\u00ae - ofici\u00e1ln\u00ed e-shop","robots":{"index":"index","follow":"follow","max-snippet":"max-snippet:-1","max-image-preview":"max-image-preview:large","max-video-preview":"max-video-preview:-1"},"canonical":"https:\/\/ortopad.cz\/sk\/produkt\/ortopadfun-pack\/?wmc-currency=EUR","og_locale":"sk_SK","og_type":"article","og_title":"ORTOPAD\u00aeFun Pack + z\u00edsk\u00e1te k balen\u00ed origin\u00e1ln\u00ed motiva\u010dn\u00ed \u201esb\u011bratelsk\u00fd\u201c plak\u00e1t - Ortopad\u00ae - ofici\u00e1ln\u00ed e-shop","og_description":"Mno\u017estv\u00ed: 50 kus\u016f Velikost: Junior (0\u20132 roky), Medium (2\u20134 roky) a Regular (4+ let).\u00a0 Ortopad\u00ae se vyr\u00e1b\u011bj\u00ed ve t\u0159ech velikostech podle v\u011bku d\u00edt\u011bte.","og_url":"https:\/\/ortopad.cz\/sk\/produkt\/ortopadfun-pack\/?wmc-currency=EUR","og_site_name":"Ortopad\u00ae - ofici\u00e1ln\u00ed e-shop","article_modified_time":"2026-03-06T00:29:00+00:00","og_image":[{"width":1920,"height":1920,"url":"https:\/\/ortopad.cz\/wp-content\/uploads\/2025\/07\/Ortopad-funpack-predek.webp","type":"image\/webp"}],"twitter_card":"summary_large_image","twitter_misc":{"Predpokladan\u00fd \u010das \u010d\u00edtania":"2 min\u00faty"},"schema":{"@context":"https:\/\/schema.org","@graph":[{"@type":"WebPage","@id":"https:\/\/ortopad.cz\/produkt\/ortopadfun-pack\/","url":"https:\/\/ortopad.cz\/produkt\/ortopadfun-pack\/","name":"ORTOPAD\u00aeFun Pack + z\u00edsk\u00e1te k balen\u00ed origin\u00e1ln\u00ed motiva\u010dn\u00ed \u201esb\u011bratelsk\u00fd\u201c plak\u00e1t - Ortopad\u00ae - ofici\u00e1ln\u00ed e-shop","isPartOf":{"@id":"https:\/\/ortopad.cz\/#website"},"primaryImageOfPage":{"@id":"https:\/\/ortopad.cz\/produkt\/ortopadfun-pack\/#primaryimage"},"image":{"@id":"https:\/\/ortopad.cz\/produkt\/ortopadfun-pack\/#primaryimage"},"thumbnailUrl":"https:\/\/ortopad.cz\/wp-content\/uploads\/2025\/07\/Ortopad-funpack-predek.webp","datePublished":"2025-07-21T23:08:59+00:00","dateModified":"2026-03-06T00:29:00+00:00","breadcrumb":{"@id":"https:\/\/ortopad.cz\/produkt\/ortopadfun-pack\/#breadcrumb"},"inLanguage":"sk-SK","potentialAction":[{"@type":"ReadAction","target":["https:\/\/ortopad.cz\/produkt\/ortopadfun-pack\/"]}]},{"@type":"ImageObject","inLanguage":"sk-SK","@id":"https:\/\/ortopad.cz\/produkt\/ortopadfun-pack\/#primaryimage","url":"https:\/\/ortopad.cz\/wp-content\/uploads\/2025\/07\/Ortopad-funpack-predek.webp","contentUrl":"https:\/\/ortopad.cz\/wp-content\/uploads\/2025\/07\/Ortopad-funpack-predek.webp","width":1920,"height":1920},{"@type":"BreadcrumbList","@id":"https:\/\/ortopad.cz\/produkt\/ortopadfun-pack\/#breadcrumb","itemListElement":[{"@type":"ListItem","position":1,"name":"Dom\u016f","item":"https:\/\/ortopad.cz\/"},{"@type":"ListItem","position":2,"name":"Obchod","item":"https:\/\/ortopad.cz\/obchod\/"},{"@type":"ListItem","position":3,"name":"ORTOPAD\u00aeFun Pack + z\u00edsk\u00e1te k balen\u00ed origin\u00e1ln\u00ed motiva\u010dn\u00ed \u201esb\u011bratelsk\u00fd\u201c plak\u00e1t"}]},{"@type":"WebSite","@id":"https:\/\/ortopad.cz\/#website","url":"https:\/\/ortopad.cz\/","name":"Ortopad\u00ae - ofici\u00e1ln\u00ed e-shop","description":"Ofici\u00e1ln\u00ed distributor pro Okluzn\u00ed n\u00e1plasti Ortopad","publisher":{"@id":"https:\/\/ortopad.cz\/#organization"},"potentialAction":[{"@type":"SearchAction","target":{"@type":"EntryPoint","urlTemplate":"https:\/\/ortopad.cz\/?s={search_term_string}"},"query-input":{"@type":"PropertyValueSpecification","valueRequired":true,"valueName":"search_term_string"}}],"inLanguage":"sk-SK"},{"@type":"Organization","@id":"https:\/\/ortopad.cz\/#organization","name":"Ortopad\u00ae - ofici\u00e1ln\u00ed e-shop","url":"https:\/\/ortopad.cz\/","logo":{"@type":"ImageObject","inLanguage":"sk-SK","@id":"https:\/\/ortopad.cz\/#\/schema\/logo\/image\/","url":"https:\/\/ortopad.cz\/wp-content\/uploads\/2025\/06\/Logo-medical-vision.webp","contentUrl":"https:\/\/ortopad.cz\/wp-content\/uploads\/2025\/06\/Logo-medical-vision.webp","width":1072,"height":482,"caption":"Ortopad\u00ae - ofici\u00e1ln\u00ed e-shop"},"image":{"@id":"https:\/\/ortopad.cz\/#\/schema\/logo\/image\/"}}]}},"_links":{"self":[{"href":"https:\/\/ortopad.cz\/sk\/wp-json\/wp\/v2\/product\/661","targetHints":{"allow":["GET"]}}],"collection":[{"href":"https:\/\/ortopad.cz\/sk\/wp-json\/wp\/v2\/product"}],"about":[{"href":"https:\/\/ortopad.cz\/sk\/wp-json\/wp\/v2\/types\/product"}],"replies":[{"embeddable":true,"href":"https:\/\/ortopad.cz\/sk\/wp-json\/wp\/v2\/comments?post=661"}],"version-history":[{"count":2,"href":"https:\/\/ortopad.cz\/sk\/wp-json\/wp\/v2\/product\/661\/revisions"}],"predecessor-version":[{"id":1428,"href":"https:\/\/ortopad.cz\/sk\/wp-json\/wp\/v2\/product\/661\/revisions\/1428"}],"wp:featuredmedia":[{"embeddable":true,"href":"https:\/\/ortopad.cz\/sk\/wp-json\/wp\/v2\/media\/772"}],"wp:attachment":[{"href":"https:\/\/ortopad.cz\/sk\/wp-json\/wp\/v2\/media?parent=661"}],"wp:term":[{"taxonomy":"product_brand","embeddable":true,"href":"https:\/\/ortopad.cz\/sk\/wp-json\/wp\/v2\/product_brand?post=661"},{"taxonomy":"product_cat","embeddable":true,"href":"https:\/\/ortopad.cz\/sk\/wp-json\/wp\/v2\/product_cat?post=661"},{"taxonomy":"product_tag","embeddable":true,"href":"https:\/\/ortopad.cz\/sk\/wp-json\/wp\/v2\/product_tag?post=661"}],"curies":[{"name":"wp","href":"https:\/\/api.w.org\/{rel}","templated":true}]}}