{"id":659,"date":"2025-07-13T00:20:55","date_gmt":"2025-07-12T22:20:55","guid":{"rendered":"https:\/\/ortopad.hiseo.cz\/prohlaseni-o-ochrane-osobnich-udaju-eu\/"},"modified":"2025-07-13T00:20:55","modified_gmt":"2025-07-12T22:20:55","slug":"prohlaseni-o-ochrane-osobnich-udaju-eu","status":"publish","type":"page","link":"https:\/\/ortopad.cz\/sk\/prohlaseni-o-ochrane-osobnich-udaju-eu\/","title":{"rendered":"Vyhl\u00e1senie o ochrane osobn\u00fdch \u00fadajov (E\u00da)"},"content":{"rendered":"<!-- Legal document generated by Complianz | GDPR\/CCPA Cookie Consent https:\/\/wordpress.org\/plugins\/complianz-gdpr -->\n<div id=\"cmplz-document\" class=\"cmplz-document privacy-statement cmplz-document-eu\"><p><i>Toto vyhl\u00e1senie o ochrane osobn\u00fdch \u00fadajov bolo naposledy aktualizovan\u00e9 12. j\u00fala 2025 a vz\u0165ahuje sa na ob\u010danov a leg\u00e1lnych obyvate\u013eov Eur\u00f3pskeho hospod\u00e1rskeho priestoru a \u0160vaj\u010diarska.<\/i><br \/><br \/><\/p><p><p>V tomto vyhl\u00e1sen\u00ed o ochrane osobn\u00fdch \u00fadajov vysvet\u013eujeme, \u010do rob\u00edme s \u00fadajmi, ktor\u00e9 o v\u00e1s zhroma\u017e\u010fujeme prostredn\u00edctvom <a href=\"https:\/\/ortopad.cz\/sk\">https:\/\/ortopad.cz\/sk<\/a>. Odpor\u00fa\u010dame v\u00e1m, aby ste si toto vyhl\u00e1senie pozorne pre\u010d\u00edtali. Pri sprac\u00favan\u00ed \u00fadajov dodr\u017eiavame po\u017eiadavky pr\u00e1vnych predpisov o ochrane \u00fadajov. To okrem in\u00e9ho znamen\u00e1, \u017ee:<\/p><ul>\n                <li>jasne uv\u00e1dzame \u00fa\u010dely, na ktor\u00e9 sprac\u00favame osobn\u00e9 \u00fadaje. Rob\u00edme to prostredn\u00edctvom tohto vyhl\u00e1senia o ochrane osobn\u00fdch \u00fadajov;<\/li>\n                <li>sna\u017e\u00edme sa obmedzi\u0165 zhroma\u017e\u010fovanie osobn\u00fdch \u00fadajov len na tie osobn\u00e9 \u00fadaje, ktor\u00e9 s\u00fa potrebn\u00e9 na legit\u00edmne \u00fa\u010dely;<\/li>\n                <li>najprv potrebujeme v\u00e1\u0161 v\u00fdslovn\u00fd s\u00fahlas na spracovanie va\u0161ich osobn\u00fdch \u00fadajov v pr\u00edpadoch, ktor\u00e9 si vy\u017eaduj\u00fa v\u00e1\u0161 s\u00fahlas;<\/li>\n                <li>prij\u00edmame primeran\u00e9 opatrenia na ochranu va\u0161ich osobn\u00fdch \u00fadajov a vy\u017eadujeme, aby tak robili aj strany, ktor\u00e9 sprac\u00favaj\u00fa osobn\u00e9 \u00fadaje v na\u0161om mene;<\/li>\n                <li>re\u0161pektujeme va\u0161e pr\u00e1vo na pr\u00edstup k va\u0161im osobn\u00fdm \u00fadajom, ich opravu alebo vymazanie na va\u0161u \u017eiados\u0165.<\/li>\n            <\/ul><p>Ak m\u00e1te ot\u00e1zky alebo chcete presne vedie\u0165, ak\u00e9 \u00fadaje o v\u00e1s m\u00e1me, kontaktujte n\u00e1s.<\/p><\/p><h2>1. \u00da\u010del, \u00fadaje a doba uchov\u00e1vania<\/h2>Osobn\u00e9 \u00fadaje m\u00f4\u017eeme zhroma\u017e\u010fova\u0165 alebo prij\u00edma\u0165 na r\u00f4zne \u00fa\u010dely s\u00favisiace s na\u0161ou obchodnou \u010dinnos\u0165ou, medzi ktor\u00e9 m\u00f4\u017eu patri\u0165 tieto \u00fa\u010dely: (kliknite na rozbali\u0165)<details class=\"cmplz-dropdown dropdown-privacy-statement\"><summary><div><h3>1.1 Platby<\/h3><\/div><\/summary><p class=\"cmplz-subtitle\">Na tento \u00fa\u010del pou\u017e\u00edvame tieto \u00fadaje:<\/p><p><ul><li>Meno a priezvisko<\/li><li>Telef\u00f3nne \u010d\u00edslo<\/li><li>IP adresa<\/li><li>Adresa bydliska alebo in\u00e1 fyzick\u00e1 adresa vr\u00e1tane n\u00e1zvu ulice a n\u00e1zvu mesta alebo obce<\/li><li>E-mailov\u00e1 adresa<\/li><\/ul><\/p><p class=\"cmplz-subtitle\">Z\u00e1kladom, na z\u00e1klade ktor\u00e9ho m\u00f4\u017eeme tieto \u00fadaje sprac\u00fava\u0165, je:<\/p><p><a target=\"_blank\" rel=\"noopener noreferrer nofollow\" href=\"https:\/\/cookiedatabase.org\/legal-bases\/#consent\">Po udelen\u00ed s\u00fahlasu.<\/a><\/p><p class=\"cmplz-subtitle\">Obdobie uchov\u00e1vania<\/p><p>Tieto \u00fadaje uchov\u00e1vame a\u017e do ukon\u010denia slu\u017eby.<\/p><\/details><details class=\"cmplz-dropdown dropdown-privacy-statement\"><summary><div><h3>1.2 Kontakt - telefonicky, po\u0161tou, e-mailom a\/alebo prostredn\u00edctvom webov\u00fdch formul\u00e1rov<\/h3><\/div><\/summary><p class=\"cmplz-subtitle\">Na tento \u00fa\u010del pou\u017e\u00edvame tieto \u00fadaje:<\/p><p><ul><li>Meno a priezvisko<\/li><li>E-mailov\u00e1 adresa<\/li><li>Telef\u00f3nne \u010d\u00edslo<\/li><\/ul><\/p><p class=\"cmplz-subtitle\">Z\u00e1kladom, na z\u00e1klade ktor\u00e9ho m\u00f4\u017eeme tieto \u00fadaje sprac\u00fava\u0165, je:<\/p><p><a target=\"_blank\" rel=\"noopener noreferrer nofollow\" href=\"https:\/\/cookiedatabase.org\/legal-bases\/#consent\">Po udelen\u00ed s\u00fahlasu.<\/a><\/p><p class=\"cmplz-subtitle\">Obdobie uchov\u00e1vania<\/p><p>Tieto \u00fadaje uchov\u00e1vame a\u017e do ukon\u010denia slu\u017eby.<\/p><\/details><details class=\"cmplz-dropdown dropdown-privacy-statement\"><summary><div><h3>1.3 Registr\u00e1cia \u00fa\u010dtu<\/h3><\/div><\/summary><p class=\"cmplz-subtitle\">Na tento \u00fa\u010del pou\u017e\u00edvame tieto \u00fadaje:<\/p><p><ul><li>Meno a priezvisko<\/li><li>N\u00e1zov \u00fa\u010dtu alebo prez\u00fdvka<\/li><li>Adresa bydliska alebo in\u00e1 fyzick\u00e1 adresa vr\u00e1tane n\u00e1zvu ulice a n\u00e1zvu mesta alebo obce<\/li><li>E-mailov\u00e1 adresa<\/li><li>Telef\u00f3nne \u010d\u00edslo<\/li><li>IP adresa<\/li><li>Inform\u00e1cie o online aktivit\u00e1ch, okrem in\u00e9ho vr\u00e1tane hist\u00f3rie prehliadania, hist\u00f3rie vyh\u013ead\u00e1vania a inform\u00e1ci\u00ed t\u00fdkaj\u00facich sa interakcie spotrebite\u013ea s webovou str\u00e1nkou, aplik\u00e1ciou alebo reklamou.<\/li><li>Geoloka\u010dn\u00e9 \u00fadaje<\/li><\/ul><\/p><p class=\"cmplz-subtitle\">Z\u00e1kladom, na z\u00e1klade ktor\u00e9ho m\u00f4\u017eeme tieto \u00fadaje sprac\u00fava\u0165, je:<\/p><p><a target=\"_blank\" rel=\"noopener noreferrer nofollow\" href=\"https:\/\/cookiedatabase.org\/legal-bases\/#consent\">Po udelen\u00ed s\u00fahlasu.<\/a><\/p><p class=\"cmplz-subtitle\">Obdobie uchov\u00e1vania<\/p><p>Tieto \u00fadaje uchov\u00e1vame a\u017e do ukon\u010denia slu\u017eby.<\/p><\/details><details class=\"cmplz-dropdown dropdown-privacy-statement\"><summary><div><h3>1.4 Zasielanie informa\u010dn\u00fdch bulletinov<\/h3><\/div><\/summary><p class=\"cmplz-subtitle\">Na tento \u00fa\u010del pou\u017e\u00edvame tieto \u00fadaje:<\/p><p><ul><li>Meno a priezvisko<\/li><li>E-mailov\u00e1 adresa<\/li><li>IP adresa<\/li><\/ul><\/p><p class=\"cmplz-subtitle\">Z\u00e1kladom, na z\u00e1klade ktor\u00e9ho m\u00f4\u017eeme tieto \u00fadaje sprac\u00fava\u0165, je:<\/p><p><a target=\"_blank\" rel=\"noopener noreferrer nofollow\" href=\"https:\/\/cookiedatabase.org\/legal-bases\/#consent\">Po udelen\u00ed s\u00fahlasu.<\/a><\/p><p class=\"cmplz-subtitle\">Obdobie uchov\u00e1vania<\/p><p>Tieto \u00fadaje uchov\u00e1vame a\u017e do ukon\u010denia slu\u017eby.<\/p><\/details><h2>2. Zdie\u013eanie s in\u00fdmi stranami<\/h2><p>Tieto \u00fadaje poskytujeme alebo spr\u00edstup\u0148ujeme len spracovate\u013eom na tieto \u00fa\u010dely:<\/p><h2>3. Cookies<\/h2><p>Na\u0161a webov\u00e1 str\u00e1nka pou\u017e\u00edva s\u00fabory cookie. Viac inform\u00e1ci\u00ed o s\u00faboroch cookie n\u00e1jdete v na\u0161ich z\u00e1sad\u00e1ch <a href=\"https:\/\/ortopad.cz\/sk\/zasady-cookies-eu\/\">Cookie <\/a>.&nbsp;<\/p><h2>4. Postupy zverej\u0148ovania<\/h2><p><p>Osobn\u00e9 \u00fadaje zverej\u0148ujeme, ak sme na z\u00e1klade z\u00e1kona alebo s\u00fadneho pr\u00edkazu povinn\u00ed poskytn\u00fa\u0165 inform\u00e1cie ako odpove\u010f org\u00e1nu \u010dinn\u00e9mu v trestnom konan\u00ed, v rozsahu povolenom in\u00fdmi ustanoveniami z\u00e1kona alebo na \u00fa\u010dely vy\u0161etrovania z\u00e1le\u017eitosti s\u00favisiacej s verejnou bezpe\u010dnos\u0165ou.<\/p><p>Ak sa na\u0161a webov\u00e1 lokalita alebo organiz\u00e1cia z\u00edska, pred\u00e1 alebo sa zapoj\u00ed do f\u00fazie alebo akviz\u00edcie, va\u0161e \u00fadaje m\u00f4\u017eu by\u0165 poskytnut\u00e9 na\u0161im poradcom a potenci\u00e1lnym kupuj\u00facim a bud\u00fa prenesen\u00e9 na nov\u00fdch vlastn\u00edkov.<\/p><\/p><p>So spolo\u010dnos\u0165ou Google sme uzavreli zmluvu o spracovan\u00ed \u00fadajov.<\/p><h2>5. Zabezpe\u010denie<\/h2><p>Zav\u00e4zujeme sa k bezpe\u010dnosti \u00fadajov. Prij\u00edmame primeran\u00e9 opatrenia na obmedzenie zneu\u017eitia a neopr\u00e1vnen\u00e9ho pr\u00edstupu k osobn\u00fdm \u00fadajom. T\u00fdm zabezpe\u010dujeme, aby k va\u0161im \u00fadajom mali pr\u00edstup len potrebn\u00e9 osoby, aby bol pr\u00edstup k va\u0161im \u00fadajom chr\u00e1nen\u00fd a aby boli na\u0161e bezpe\u010dnostn\u00e9 opatrenia pravidelne kontrolovan\u00e9.<\/p><h2>6. Webov\u00e9 str\u00e1nky tret\u00edch str\u00e1n<\/h2><p>Toto vyhl\u00e1senie o ochrane osobn\u00fdch \u00fadajov sa nevz\u0165ahuje na webov\u00e9 str\u00e1nky tret\u00edch str\u00e1n, ktor\u00e9 s\u00fa prepojen\u00e9 s na\u0161ou webovou str\u00e1nkou. Nem\u00f4\u017eeme zaru\u010di\u0165, \u017ee tieto tretie strany bud\u00fa s va\u0161imi osobn\u00fdmi \u00fadajmi zaobch\u00e1dza\u0165 spo\u013eahlivo alebo bezpe\u010dne. Odpor\u00fa\u010dame v\u00e1m, aby ste si pred pou\u017eit\u00edm t\u00fdchto webov\u00fdch str\u00e1nok pre\u010d\u00edtali ich vyhl\u00e1senia o ochrane osobn\u00fdch \u00fadajov.<\/p><h2>7. Pr\u00edlohy k tomuto vyhl\u00e1seniu o ochrane osobn\u00fdch \u00fadajov<\/h2><p>Vyhradzujeme si pr\u00e1vo na zmeny tohto vyhl\u00e1senia o ochrane osobn\u00fdch \u00fadajov. Odpor\u00fa\u010dame v\u00e1m, aby ste toto vyhl\u00e1senie o ochrane osobn\u00fdch \u00fadajov pravidelne kontrolovali a uistili sa, \u017ee ste obozn\u00e1men\u00ed so v\u0161etk\u00fdmi zmenami. Okrem toho v\u00e1s budeme akt\u00edvne informova\u0165 v\u017edy, ke\u010f to bude mo\u017en\u00e9.<\/p><h2>8. Pr\u00edstup k \u00fadajom a ich \u00faprava<\/h2><p>Ak m\u00e1te ot\u00e1zky alebo chcete vedie\u0165, ak\u00e9 osobn\u00e9 \u00fadaje o v\u00e1s m\u00e1me, kontaktujte n\u00e1s. M\u00f4\u017eete n\u00e1s kontaktova\u0165 pomocou ni\u017e\u0161ie uveden\u00fdch inform\u00e1ci\u00ed. M\u00e1te nasleduj\u00face pr\u00e1va:<\/p><ul>\n                <li>M\u00e1te pr\u00e1vo vedie\u0165, pre\u010do s\u00fa va\u0161e osobn\u00e9 \u00fadaje potrebn\u00e9, \u010do sa s nimi deje a ako dlho sa bud\u00fa uchov\u00e1va\u0165.<\/li>\n                <li>Pr\u00e1vo na pr\u00edstup: m\u00e1te pr\u00e1vo na pr\u00edstup k va\u0161im osobn\u00fdm \u00fadajom, ktor\u00e9 s\u00fa n\u00e1m zn\u00e1me.<\/li>\n                <li>Pr\u00e1vo na opravu: m\u00e1te pr\u00e1vo kedyko\u013evek doplni\u0165, opravi\u0165, vymaza\u0165 alebo zablokova\u0165 svoje osobn\u00e9 \u00fadaje.<\/li>\n                <li>Ak ste n\u00e1m dali s\u00fahlas na spracovanie va\u0161ich \u00fadajov, m\u00e1te pr\u00e1vo tento s\u00fahlas odvola\u0165 a svoje osobn\u00e9 \u00fadaje vymaza\u0165.<\/li>\n                <li>Pr\u00e1vo na prenos va\u0161ich \u00fadajov: m\u00e1te pr\u00e1vo vy\u017eiada\u0165 si od prev\u00e1dzkovate\u013ea v\u0161etky va\u0161e osobn\u00e9 \u00fadaje a prenies\u0165 ich v plnom rozsahu in\u00e9mu prev\u00e1dzkovate\u013eovi.<\/li>\n                <li>Pr\u00e1vo namieta\u0165: m\u00f4\u017eete namieta\u0165 proti spracovaniu va\u0161ich \u00fadajov. Re\u0161pektujeme to, pokia\u013e neexistuj\u00fa opr\u00e1vnen\u00e9 d\u00f4vody na spracovanie.<\/li>\n            <\/ul><p>Uistite sa, \u017ee v\u017edy jasne uv\u00e1dzate, kto ste, aby sme mali istotu, \u017ee neuprav\u00edme alebo nevyma\u017eeme \u00fadaje nespr\u00e1vnej osoby.<\/p><h2>9. Automatizovan\u00e9 rozhodovanie<\/h2><p>Rozhodnutia zalo\u017een\u00e9 na automatizovanom spracovan\u00ed vykon\u00e1vame v s\u00favislosti so z\u00e1le\u017eitos\u0165ami, ktor\u00e9 m\u00f4\u017eu ma\u0165 (v\u00fdznamn\u00e9) d\u00f4sledky pre jednotlivcov. Ide o rozhodnutia, ktor\u00e9 robia po\u010d\u00edta\u010dov\u00e9 programy alebo syst\u00e9my bez z\u00e1sahu \u010dloveka.<\/p><p>Nes\u00fahlasom sa vystavujete riziku, \u017ee niektor\u00e9 \u010dasti str\u00e1nky nebud\u00fa fungova\u0165 spr\u00e1vne.<\/p><h2>10. Podanie s\u0165a\u017enosti<\/h2><p>Ak nie ste spokojn\u00ed so sp\u00f4sobom, ak\u00fdm sprac\u00favame va\u0161e osobn\u00e9 \u00fadaje (s\u0165a\u017enos\u0165), m\u00e1te pr\u00e1vo poda\u0165 s\u0165a\u017enos\u0165 na \u00darad na ochranu osobn\u00fdch \u00fadajov.<\/p><h2>11. Kontaktn\u00e9 \u00fadaje<\/h2><p>MEDICAL VISION s.r.o.<br \/>\n        Sta\u0148kova 382\/39, Ponava, 612 00 Brno<br \/>\n        \u010cesk\u00e1 republika<br \/>\n        Webov\u00e1 lokalita: <a href=\"https:\/\/ortopad.cz\/sk\">https:\/\/ortopad.cz\/sk<\/a> <br \/>\n        E-mail: <span class=\"cmplz-obfuscate\">info@<span class=\"cmplz-fmail-domain\">ex&#046;c&#111;m<\/span>orto&#112;a&#100;&#046;c&#122;<\/span> <br \/>\n        <\/p><\/div>","protected":false},"excerpt":{"rendered":"","protected":false},"author":1,"featured_media":0,"parent":0,"menu_order":0,"comment_status":"closed","ping_status":"closed","template":"","meta":{"footnotes":""},"class_list":["post-659","page","type-page","status-publish","hentry"],"yoast_head":"<!-- This site is optimized with the Yoast SEO plugin v26.4 - https:\/\/yoast.com\/wordpress\/plugins\/seo\/ -->\n<title>Prohl\u00e1\u0161en\u00ed o ochran\u011b osobn\u00edch \u00fadaj\u016f (EU) - Ortopad\u00ae - ofici\u00e1ln\u00ed e-shop<\/title>\n<meta name=\"robots\" content=\"index, follow, max-snippet:-1, max-image-preview:large, max-video-preview:-1\" \/>\n<link rel=\"canonical\" href=\"https:\/\/ortopad.cz\/sk\/prohlaseni-o-ochrane-osobnich-udaju-eu\/?wmc-currency=EUR\" \/>\n<meta property=\"og:locale\" content=\"sk_SK\" \/>\n<meta property=\"og:type\" content=\"article\" \/>\n<meta property=\"og:title\" content=\"Prohl\u00e1\u0161en\u00ed o ochran\u011b osobn\u00edch \u00fadaj\u016f (EU) - Ortopad\u00ae - ofici\u00e1ln\u00ed e-shop\" \/>\n<meta property=\"og:url\" content=\"https:\/\/ortopad.cz\/sk\/prohlaseni-o-ochrane-osobnich-udaju-eu\/?wmc-currency=EUR\" \/>\n<meta property=\"og:site_name\" content=\"Ortopad\u00ae - ofici\u00e1ln\u00ed e-shop\" \/>\n<meta name=\"twitter:card\" content=\"summary_large_image\" \/>\n<script type=\"application\/ld+json\" class=\"yoast-schema-graph\">{\"@context\":\"https:\/\/schema.org\",\"@graph\":[{\"@type\":\"WebPage\",\"@id\":\"https:\/\/ortopad.cz\/prohlaseni-o-ochrane-osobnich-udaju-eu\/\",\"url\":\"https:\/\/ortopad.cz\/prohlaseni-o-ochrane-osobnich-udaju-eu\/\",\"name\":\"Prohl\u00e1\u0161en\u00ed o ochran\u011b osobn\u00edch \u00fadaj\u016f (EU) - Ortopad\u00ae - ofici\u00e1ln\u00ed e-shop\",\"isPartOf\":{\"@id\":\"https:\/\/ortopad.cz\/#website\"},\"datePublished\":\"2025-07-12T22:20:55+00:00\",\"breadcrumb\":{\"@id\":\"https:\/\/ortopad.cz\/prohlaseni-o-ochrane-osobnich-udaju-eu\/#breadcrumb\"},\"inLanguage\":\"sk-SK\",\"potentialAction\":[{\"@type\":\"ReadAction\",\"target\":[\"https:\/\/ortopad.cz\/prohlaseni-o-ochrane-osobnich-udaju-eu\/\"]}]},{\"@type\":\"BreadcrumbList\",\"@id\":\"https:\/\/ortopad.cz\/prohlaseni-o-ochrane-osobnich-udaju-eu\/#breadcrumb\",\"itemListElement\":[{\"@type\":\"ListItem\",\"position\":1,\"name\":\"Dom\u016f\",\"item\":\"https:\/\/ortopad.cz\/\"},{\"@type\":\"ListItem\",\"position\":2,\"name\":\"Prohl\u00e1\u0161en\u00ed o ochran\u011b osobn\u00edch \u00fadaj\u016f (EU)\"}]},{\"@type\":\"WebSite\",\"@id\":\"https:\/\/ortopad.cz\/#website\",\"url\":\"https:\/\/ortopad.cz\/\",\"name\":\"Ortopad\u00ae - ofici\u00e1ln\u00ed e-shop\",\"description\":\"Ofici\u00e1ln\u00ed distributor pro Okluzn\u00ed n\u00e1plasti Ortopad\",\"publisher\":{\"@id\":\"https:\/\/ortopad.cz\/#organization\"},\"potentialAction\":[{\"@type\":\"SearchAction\",\"target\":{\"@type\":\"EntryPoint\",\"urlTemplate\":\"https:\/\/ortopad.cz\/?s={search_term_string}\"},\"query-input\":{\"@type\":\"PropertyValueSpecification\",\"valueRequired\":true,\"valueName\":\"search_term_string\"}}],\"inLanguage\":\"sk-SK\"},{\"@type\":\"Organization\",\"@id\":\"https:\/\/ortopad.cz\/#organization\",\"name\":\"Ortopad\u00ae - ofici\u00e1ln\u00ed e-shop\",\"url\":\"https:\/\/ortopad.cz\/\",\"logo\":{\"@type\":\"ImageObject\",\"inLanguage\":\"sk-SK\",\"@id\":\"https:\/\/ortopad.cz\/#\/schema\/logo\/image\/\",\"url\":\"https:\/\/ortopad.cz\/wp-content\/uploads\/2025\/06\/Logo-medical-vision.webp\",\"contentUrl\":\"https:\/\/ortopad.cz\/wp-content\/uploads\/2025\/06\/Logo-medical-vision.webp\",\"width\":1072,\"height\":482,\"caption\":\"Ortopad\u00ae - ofici\u00e1ln\u00ed e-shop\"},\"image\":{\"@id\":\"https:\/\/ortopad.cz\/#\/schema\/logo\/image\/\"}}]}<\/script>\n<!-- \/ Yoast SEO plugin. -->","yoast_head_json":{"title":"Prohl\u00e1\u0161en\u00ed o ochran\u011b osobn\u00edch \u00fadaj\u016f (EU) - Ortopad\u00ae - ofici\u00e1ln\u00ed e-shop","robots":{"index":"index","follow":"follow","max-snippet":"max-snippet:-1","max-image-preview":"max-image-preview:large","max-video-preview":"max-video-preview:-1"},"canonical":"https:\/\/ortopad.cz\/sk\/prohlaseni-o-ochrane-osobnich-udaju-eu\/?wmc-currency=EUR","og_locale":"sk_SK","og_type":"article","og_title":"Prohl\u00e1\u0161en\u00ed o ochran\u011b osobn\u00edch \u00fadaj\u016f (EU) - Ortopad\u00ae - ofici\u00e1ln\u00ed e-shop","og_url":"https:\/\/ortopad.cz\/sk\/prohlaseni-o-ochrane-osobnich-udaju-eu\/?wmc-currency=EUR","og_site_name":"Ortopad\u00ae - ofici\u00e1ln\u00ed e-shop","twitter_card":"summary_large_image","schema":{"@context":"https:\/\/schema.org","@graph":[{"@type":"WebPage","@id":"https:\/\/ortopad.cz\/prohlaseni-o-ochrane-osobnich-udaju-eu\/","url":"https:\/\/ortopad.cz\/prohlaseni-o-ochrane-osobnich-udaju-eu\/","name":"Prohl\u00e1\u0161en\u00ed o ochran\u011b osobn\u00edch \u00fadaj\u016f (EU) - Ortopad\u00ae - ofici\u00e1ln\u00ed e-shop","isPartOf":{"@id":"https:\/\/ortopad.cz\/#website"},"datePublished":"2025-07-12T22:20:55+00:00","breadcrumb":{"@id":"https:\/\/ortopad.cz\/prohlaseni-o-ochrane-osobnich-udaju-eu\/#breadcrumb"},"inLanguage":"sk-SK","potentialAction":[{"@type":"ReadAction","target":["https:\/\/ortopad.cz\/prohlaseni-o-ochrane-osobnich-udaju-eu\/"]}]},{"@type":"BreadcrumbList","@id":"https:\/\/ortopad.cz\/prohlaseni-o-ochrane-osobnich-udaju-eu\/#breadcrumb","itemListElement":[{"@type":"ListItem","position":1,"name":"Dom\u016f","item":"https:\/\/ortopad.cz\/"},{"@type":"ListItem","position":2,"name":"Prohl\u00e1\u0161en\u00ed o ochran\u011b osobn\u00edch \u00fadaj\u016f (EU)"}]},{"@type":"WebSite","@id":"https:\/\/ortopad.cz\/#website","url":"https:\/\/ortopad.cz\/","name":"Ortopad\u00ae - ofici\u00e1ln\u00ed e-shop","description":"Ofici\u00e1ln\u00ed distributor pro Okluzn\u00ed n\u00e1plasti Ortopad","publisher":{"@id":"https:\/\/ortopad.cz\/#organization"},"potentialAction":[{"@type":"SearchAction","target":{"@type":"EntryPoint","urlTemplate":"https:\/\/ortopad.cz\/?s={search_term_string}"},"query-input":{"@type":"PropertyValueSpecification","valueRequired":true,"valueName":"search_term_string"}}],"inLanguage":"sk-SK"},{"@type":"Organization","@id":"https:\/\/ortopad.cz\/#organization","name":"Ortopad\u00ae - ofici\u00e1ln\u00ed e-shop","url":"https:\/\/ortopad.cz\/","logo":{"@type":"ImageObject","inLanguage":"sk-SK","@id":"https:\/\/ortopad.cz\/#\/schema\/logo\/image\/","url":"https:\/\/ortopad.cz\/wp-content\/uploads\/2025\/06\/Logo-medical-vision.webp","contentUrl":"https:\/\/ortopad.cz\/wp-content\/uploads\/2025\/06\/Logo-medical-vision.webp","width":1072,"height":482,"caption":"Ortopad\u00ae - ofici\u00e1ln\u00ed e-shop"},"image":{"@id":"https:\/\/ortopad.cz\/#\/schema\/logo\/image\/"}}]}},"_links":{"self":[{"href":"https:\/\/ortopad.cz\/sk\/wp-json\/wp\/v2\/pages\/659","targetHints":{"allow":["GET"]}}],"collection":[{"href":"https:\/\/ortopad.cz\/sk\/wp-json\/wp\/v2\/pages"}],"about":[{"href":"https:\/\/ortopad.cz\/sk\/wp-json\/wp\/v2\/types\/page"}],"author":[{"embeddable":true,"href":"https:\/\/ortopad.cz\/sk\/wp-json\/wp\/v2\/users\/1"}],"replies":[{"embeddable":true,"href":"https:\/\/ortopad.cz\/sk\/wp-json\/wp\/v2\/comments?post=659"}],"version-history":[{"count":0,"href":"https:\/\/ortopad.cz\/sk\/wp-json\/wp\/v2\/pages\/659\/revisions"}],"wp:attachment":[{"href":"https:\/\/ortopad.cz\/sk\/wp-json\/wp\/v2\/media?parent=659"}],"curies":[{"name":"wp","href":"https:\/\/api.w.org\/{rel}","templated":true}]}}