{"id":605,"date":"2025-06-21T01:45:48","date_gmt":"2025-06-20T23:45:48","guid":{"rendered":"https:\/\/ortopad.hiseo.cz\/?page_id=605"},"modified":"2025-08-12T21:19:24","modified_gmt":"2025-08-12T19:19:24","slug":"co-jsou-ortopad","status":"publish","type":"page","link":"https:\/\/ortopad.cz\/sk\/co-jsou-ortopad\/","title":{"rendered":"\u010co je Ortopad?"},"content":{"rendered":"<div data-elementor-type=\"wp-page\" data-elementor-id=\"605\" class=\"elementor elementor-605\" data-elementor-post-type=\"page\">\n\t\t\t\t<div class=\"elementor-element elementor-element-f4b05cc e-con-full e-flex e-con e-parent\" data-id=\"f4b05cc\" data-element_type=\"container\" data-settings=\"{&quot;background_background&quot;:&quot;none&quot;}\">\n\t\t<div class=\"elementor-element elementor-element-ea9e00b e-con-full elementor-hidden-mobile e-flex elementor-invisible e-con e-child\" data-id=\"ea9e00b\" data-element_type=\"container\" data-settings=\"{&quot;background_background&quot;:&quot;classic&quot;,&quot;animation&quot;:&quot;slideInLeft&quot;}\">\n\t\t\t\t<div class=\"elementor-element elementor-element-a57448e animated-slow elementor-invisible elementor-widget elementor-widget-video\" data-id=\"a57448e\" data-element_type=\"widget\" data-settings=\"{&quot;youtube_url&quot;:&quot;https:\\\/\\\/youtu.be\\\/GnxSxColXSI&quot;,&quot;_animation&quot;:&quot;slideInLeft&quot;,&quot;_animation_delay&quot;:100,&quot;video_type&quot;:&quot;youtube&quot;,&quot;controls&quot;:&quot;yes&quot;}\" data-widget_type=\"video.default\">\n\t\t\t\t<div class=\"elementor-widget-container\">\n\t\t\t\t\t\t\t<div class=\"elementor-wrapper elementor-open-inline\">\n\t\t\t<div class=\"elementor-video\"><\/div>\t\t<\/div>\n\t\t\t\t\t\t<\/div>\n\t\t\t\t<\/div>\n\t\t\t\t<\/div>\n\t\t<div class=\"elementor-element elementor-element-91773c5 e-con-full e-flex e-con e-child\" data-id=\"91773c5\" data-element_type=\"container\" data-settings=\"{&quot;background_background&quot;:&quot;none&quot;}\">\n\t\t<div class=\"elementor-element elementor-element-4cfd511 e-flex e-con-boxed e-con e-child\" data-id=\"4cfd511\" data-element_type=\"container\">\n\t\t\t\t\t<div class=\"e-con-inner\">\n\t\t\t\t<div class=\"elementor-element elementor-element-de0681f elementor-widget-divider--view-line elementor-widget elementor-widget-divider\" data-id=\"de0681f\" data-element_type=\"widget\" data-widget_type=\"divider.default\">\n\t\t\t\t<div class=\"elementor-widget-container\">\n\t\t\t\t\t\t\t<div class=\"elementor-divider\">\n\t\t\t<span class=\"elementor-divider-separator\">\n\t\t\t\t\t\t<\/span>\n\t\t<\/div>\n\t\t\t\t\t\t<\/div>\n\t\t\t\t<\/div>\n\t\t\t\t<div class=\"elementor-element elementor-element-8dc68ec elementor-widget elementor-widget-text-editor\" data-id=\"8dc68ec\" data-element_type=\"widget\" data-widget_type=\"text-editor.default\">\n\t\t\t\t<div class=\"elementor-widget-container\">\n\t\t\t\t\t\t\t\t\t<p><strong>O\u010dn\u00e9 n\u00e1plasti Ortopad s\u00fa \u0161peci\u00e1lne navrhnut\u00e9 pre deti, ktor\u00e9 sa lie\u010dia na tupozrakos\u0165 (amblyopiu). V\u010faka ich farebn\u00fdm a hrav\u00fdm mot\u00edvom si ich zamiluj\u00fa aj t\u00ed najmen\u0161\u00ed a ka\u017edodenn\u00e9 nosenie sa tak stane znesite\u013enej\u0161\u00edm - niekedy dokonca z\u00e1bavn\u00fdm. <\/strong><\/p><p>Na v\u00fdber s\u00fa vzory pre diev\u010dat\u00e1, chlapcov a univerz\u00e1lne varianty a ka\u017ed\u00e9 balenie obsahuje p\u00e4\u0165 r\u00f4znych vzorov, ktor\u00e9 sa pravidelne obmie\u0148aj\u00fa. Ortopedick\u00e9 vlo\u017eky sa dod\u00e1vaj\u00fa v troch ve\u013ekostiach v z\u00e1vislosti od veku die\u0165a\u0165a - Junior (0-2 roky), Medium (2-4 roky) a Regular (4+ roky). Junior (6,7 \u00d7 5 cm), Medium (7,6 \u00d7 5,4 cm), Regular (8,5 \u00d7 5,9 cm). S\u00fa hypoalerg\u00e9nne, vyroben\u00e9 z m\u00e4kk\u00e9ho bambusov\u00e9ho materi\u00e1lu a dobre zn\u00e1\u0161an\u00e9 poko\u017ekou. V \u010ceskej republike je mo\u017en\u00e9 z\u00edska\u0165 obaly Ortopad s \u010diasto\u010dnou \u00fahradou pois\u0165ov\u0148ou. Na Slovensku sa o zaraden\u00ed do syst\u00e9mu \u00fahrad rokuje.<\/p>\t\t\t\t\t\t\t\t<\/div>\n\t\t\t\t<\/div>\n\t\t\t\t\t<\/div>\n\t\t\t\t<\/div>\n\t\t\t\t<\/div>\n\t\t\t\t<\/div>\n\t\t<div class=\"elementor-element elementor-element-eb56407 e-flex e-con-boxed e-con e-parent\" data-id=\"eb56407\" data-element_type=\"container\">\n\t\t\t\t\t<div class=\"e-con-inner\">\n\t\t\t\t<div class=\"elementor-element elementor-element-0521da9 elementor-widget elementor-widget-text-editor\" data-id=\"0521da9\" data-element_type=\"widget\" data-widget_type=\"text-editor.default\">\n\t\t\t\t<div class=\"elementor-widget-container\">\n\t\t\t\t\t\t\t\t\t<p data-start=\"857\" data-end=\"901\"><strong data-start=\"857\" data-end=\"901\">Ortop\u00e9dia - kombin\u00e1cia lie\u010dby a detskej radosti<\/strong><\/p><p data-start=\"903\" data-end=\"1279\">Tupozrakos\u0165 (amblyopia) je porucha zraku, ktor\u00e1 postihuje pribli\u017ene 2-4 deti s %. Najbe\u017enej\u0161ou a naj\u00fa\u010dinnej\u0161ou met\u00f3dou lie\u010dby je okl\u00fazia - zakrytie zdrav\u00e9ho oka n\u00e1plas\u0165ou. Cie\u013eom je prin\u00fati\u0165 \"slab\u0161ie\" oko, aby sa akt\u00edvne zap\u00e1jalo do videnia, a tak ho zlep\u0161i\u0165. Tu prich\u00e1dzaj\u00fa na rad n\u00e1plasti Ortopad, ktor\u00e9 de\u0165om prin\u00e1\u0161aj\u00fa pr\u00edjemnej\u0161iu cestu lie\u010dbou.<\/p><p data-start=\"1281\" data-end=\"1737\">N\u00e1plasti Ortopad boli vyvinut\u00e9 s oh\u013eadom na potreby detsk\u00fdch pacientov a ich rodi\u010dov. Hrav\u00e9 farebn\u00e9 vzory a obr\u00e1zky s detsk\u00fdmi mot\u00edvmi pom\u00e1haj\u00fa de\u0165om lep\u0161ie prija\u0165 nosenie n\u00e1plasti, ktor\u00e9 m\u00f4\u017ee by\u0165 najm\u00e4 na za\u010diatku nepr\u00edjemn\u00e9. Mnoh\u00fdm mal\u00fdm pacientom sa dokonca p\u00e1\u010dia nato\u013eko, \u017ee si mot\u00edvy chc\u00fa vybra\u0165 sami. V ka\u017edom balen\u00ed je p\u00e4\u0165 r\u00f4znych vzorov, ktor\u00e9 sa pravidelne menia, aby sa deti mot\u00edvov nenaba\u017eili a mohli si ka\u017ed\u00fd de\u0148 vybra\u0165 in\u00fd obr\u00e1zok.<\/p><p data-start=\"1739\" data-end=\"1788\">N\u00e1\u0161ivky s\u00fa k dispoz\u00edcii v troch ve\u013ekostiach:<\/p><ul data-start=\"1789\" data-end=\"1889\"><li data-start=\"1789\" data-end=\"1831\"><p data-start=\"1791\" data-end=\"1831\"><strong data-start=\"1791\" data-end=\"1801\">Junior<\/strong> (pre deti od 0 do 2 rokov)<\/p><\/li><li data-start=\"1832\" data-end=\"1857\"><p data-start=\"1834\" data-end=\"1857\"><strong data-start=\"1834\" data-end=\"1844\">Stredn\u00e9<\/strong> (2-4 roky)<\/p><\/li><li data-start=\"1858\" data-end=\"1889\"><p data-start=\"1860\" data-end=\"1889\"><strong data-start=\"1860\" data-end=\"1871\">Pravideln\u00e9<\/strong> (4 roky a viac)<\/p><\/li><\/ul><p data-start=\"1891\" data-end=\"2045\">Ve\u013ekosti boli starostlivo navrhnut\u00e9 tak, aby dobre zakr\u00fdvali oblas\u0165 o\u010d\u00ed a pohodlne sedeli na tv\u00e1ri bez podr\u00e1\u017edenia poko\u017eky alebo naru\u0161enia norm\u00e1lneho pohybu.<\/p><p data-start=\"2047\" data-end=\"2432\">Jednou z najv\u00e4\u010d\u0161\u00edch v\u00fdhod n\u00e1plast\u00ed Ortopad je pou\u017eitie <strong data-start=\"2104\" data-end=\"2145\">hypoalerg\u00e9nny bambusov\u00fd materi\u00e1l<\/strong>ktor\u00fd je ve\u013emi jemn\u00fd a \u0161etrn\u00fd k poko\u017eke. Bambus m\u00e1 prirodzene antibakteri\u00e1lne vlastnosti a je pr\u00edjemn\u00fd na dotyk. V\u010faka tomu sa n\u00e1plasti ve\u013emi dobre zn\u00e1\u0161aj\u00fa aj pri dlhodobom ka\u017edodennom nosen\u00ed. Lepiaca vrstva je navrhnut\u00e1 tak, aby pevne dr\u017eala, ale z\u00e1rove\u0148 sa dala \u013eahko a bezbolestne odstr\u00e1ni\u0165.<\/p><p data-start=\"2434\" data-end=\"2589\">N\u00e1plasti Ortopad s\u00fa lek\u00e1rsky overen\u00e9, dermatologicky testovan\u00e9 a dlhodobo overen\u00e9 \u0161irokou z\u00e1kazn\u00edckou z\u00e1klad\u0148ou - rodi\u010dmi aj o\u010dn\u00fdmi \u0161pecialistami.<\/p><p data-start=\"2591\" data-end=\"2623\"><strong data-start=\"2591\" data-end=\"2623\">\u00dahrada zo zdravotn\u00e9ho poistenia<\/strong><\/p><p data-start=\"2625\" data-end=\"3016\">V \u010ceskej republike s\u00fa n\u00e1plasti Ortopad <strong data-start=\"2665\" data-end=\"2710\">\u010diasto\u010dne hraden\u00e9 zdravotn\u00fdmi pois\u0165ov\u0148ami<\/strong>\u010do znamen\u00e1, \u017ee pacienti m\u00f4\u017eu dosta\u0165 balenie (zvy\u010dajne 100 ks) s doplatkom na predpis od oftalmol\u00f3ga. V\u010faka tomu s\u00fa dostupnej\u0161ie pre \u0161irok\u00fa skupinu rodi\u010dov, ktor\u00ed h\u013eadaj\u00fa kvalitn\u00fa a z\u00e1rove\u0148 estetick\u00fa mo\u017enos\u0165. \u00dahrada zatia\u013e nie je na Slovensku mo\u017en\u00e1, ale v s\u00fa\u010dasnosti prebiehaj\u00fa rokovania o jej zaveden\u00ed.<\/p><p data-start=\"3018\" data-end=\"3198\">Ortop\u00e9d nie je len n\u00e1plas\u0165 - je to n\u00e1stroj, ktor\u00fd pom\u00e1ha de\u0165om na ceste k zdrav\u0161iemu zraku a rodi\u010dom d\u00e1va istotu, \u017ee svojim de\u0165om poskytuj\u00fa \u00fa\u010dinn\u00fa a z\u00e1rove\u0148 \u0161etrn\u00fa formu lie\u010dby.<\/p>\t\t\t\t\t\t\t\t<\/div>\n\t\t\t\t<\/div>\n\t\t\t\t\t<\/div>\n\t\t\t\t<\/div>\n\t\t\t\t<\/div>","protected":false},"excerpt":{"rendered":"<p>O\u010dn\u00ed n\u00e1plasti Ortopad jsou speci\u00e1ln\u011b navr\u017een\u00e9 pro d\u011bti, kter\u00e9 podstupuj\u00ed l\u00e9\u010dbu tupozrakosti (amblyopie). D\u00edky pestr\u00fdm a hrav\u00fdm motiv\u016fm si je obl\u00edb\u00ed i ti nejmen\u0161\u00ed, a ka\u017edodenn\u00ed no\u0161en\u00ed se tak st\u00e1v\u00e1 snesiteln\u011bj\u0161\u00edm \u2013 n\u011bkdy dokonce i z\u00e1bavn\u00fdm. Na v\u00fdb\u011br jsou motivy pro holky, kluky i univerz\u00e1ln\u00ed varianty a ka\u017ed\u00e9 balen\u00ed obsahuje p\u011bt r\u016fzn\u00fdch design\u016f, kter\u00e9 se [&hellip;]<\/p>","protected":false},"author":1,"featured_media":0,"parent":0,"menu_order":0,"comment_status":"closed","ping_status":"closed","template":"","meta":{"footnotes":""},"class_list":["post-605","page","type-page","status-publish","hentry"],"yoast_head":"<!-- This site is optimized with the Yoast SEO plugin v26.4 - https:\/\/yoast.com\/wordpress\/plugins\/seo\/ -->\n<title>Co jsou Ortopad? - Ortopad\u00ae - ofici\u00e1ln\u00ed e-shop<\/title>\n<meta name=\"robots\" content=\"index, follow, max-snippet:-1, max-image-preview:large, max-video-preview:-1\" \/>\n<link rel=\"canonical\" href=\"https:\/\/ortopad.cz\/sk\/co-jsou-ortopad\/?wmc-currency=EUR\" \/>\n<meta property=\"og:locale\" content=\"sk_SK\" \/>\n<meta property=\"og:type\" content=\"article\" \/>\n<meta property=\"og:title\" content=\"Co jsou Ortopad? - Ortopad\u00ae - ofici\u00e1ln\u00ed e-shop\" \/>\n<meta property=\"og:description\" content=\"O\u010dn\u00ed n\u00e1plasti Ortopad jsou speci\u00e1ln\u011b navr\u017een\u00e9 pro d\u011bti, kter\u00e9 podstupuj\u00ed l\u00e9\u010dbu tupozrakosti (amblyopie). D\u00edky pestr\u00fdm a hrav\u00fdm motiv\u016fm si je obl\u00edb\u00ed i ti nejmen\u0161\u00ed, a ka\u017edodenn\u00ed no\u0161en\u00ed se tak st\u00e1v\u00e1 snesiteln\u011bj\u0161\u00edm \u2013 n\u011bkdy dokonce i z\u00e1bavn\u00fdm. Na v\u00fdb\u011br jsou motivy pro holky, kluky i univerz\u00e1ln\u00ed varianty a ka\u017ed\u00e9 balen\u00ed obsahuje p\u011bt r\u016fzn\u00fdch design\u016f, kter\u00e9 se [&hellip;]\" \/>\n<meta property=\"og:url\" content=\"https:\/\/ortopad.cz\/sk\/co-jsou-ortopad\/?wmc-currency=EUR\" \/>\n<meta property=\"og:site_name\" content=\"Ortopad\u00ae - ofici\u00e1ln\u00ed e-shop\" \/>\n<meta property=\"article:modified_time\" content=\"2025-08-12T19:19:24+00:00\" \/>\n<meta name=\"twitter:card\" content=\"summary_large_image\" \/>\n<meta name=\"twitter:label1\" content=\"Predpokladan\u00fd \u010das \u010d\u00edtania\" \/>\n\t<meta name=\"twitter:data1\" content=\"3 min\u00faty\" \/>\n<script type=\"application\/ld+json\" class=\"yoast-schema-graph\">{\"@context\":\"https:\/\/schema.org\",\"@graph\":[{\"@type\":\"WebPage\",\"@id\":\"https:\/\/ortopad.cz\/co-jsou-ortopad\/\",\"url\":\"https:\/\/ortopad.cz\/co-jsou-ortopad\/\",\"name\":\"Co jsou Ortopad? - Ortopad\u00ae - ofici\u00e1ln\u00ed e-shop\",\"isPartOf\":{\"@id\":\"https:\/\/ortopad.cz\/#website\"},\"datePublished\":\"2025-06-20T23:45:48+00:00\",\"dateModified\":\"2025-08-12T19:19:24+00:00\",\"breadcrumb\":{\"@id\":\"https:\/\/ortopad.cz\/co-jsou-ortopad\/#breadcrumb\"},\"inLanguage\":\"sk-SK\",\"potentialAction\":[{\"@type\":\"ReadAction\",\"target\":[\"https:\/\/ortopad.cz\/co-jsou-ortopad\/\"]}]},{\"@type\":\"BreadcrumbList\",\"@id\":\"https:\/\/ortopad.cz\/co-jsou-ortopad\/#breadcrumb\",\"itemListElement\":[{\"@type\":\"ListItem\",\"position\":1,\"name\":\"Dom\u016f\",\"item\":\"https:\/\/ortopad.cz\/\"},{\"@type\":\"ListItem\",\"position\":2,\"name\":\"Co jsou Ortopad?\"}]},{\"@type\":\"WebSite\",\"@id\":\"https:\/\/ortopad.cz\/#website\",\"url\":\"https:\/\/ortopad.cz\/\",\"name\":\"Ortopad\u00ae - ofici\u00e1ln\u00ed e-shop\",\"description\":\"Ofici\u00e1ln\u00ed distributor pro Okluzn\u00ed n\u00e1plasti Ortopad\",\"publisher\":{\"@id\":\"https:\/\/ortopad.cz\/#organization\"},\"potentialAction\":[{\"@type\":\"SearchAction\",\"target\":{\"@type\":\"EntryPoint\",\"urlTemplate\":\"https:\/\/ortopad.cz\/?s={search_term_string}\"},\"query-input\":{\"@type\":\"PropertyValueSpecification\",\"valueRequired\":true,\"valueName\":\"search_term_string\"}}],\"inLanguage\":\"sk-SK\"},{\"@type\":\"Organization\",\"@id\":\"https:\/\/ortopad.cz\/#organization\",\"name\":\"Ortopad\u00ae - ofici\u00e1ln\u00ed e-shop\",\"url\":\"https:\/\/ortopad.cz\/\",\"logo\":{\"@type\":\"ImageObject\",\"inLanguage\":\"sk-SK\",\"@id\":\"https:\/\/ortopad.cz\/#\/schema\/logo\/image\/\",\"url\":\"https:\/\/ortopad.cz\/wp-content\/uploads\/2025\/06\/Logo-medical-vision.webp\",\"contentUrl\":\"https:\/\/ortopad.cz\/wp-content\/uploads\/2025\/06\/Logo-medical-vision.webp\",\"width\":1072,\"height\":482,\"caption\":\"Ortopad\u00ae - ofici\u00e1ln\u00ed e-shop\"},\"image\":{\"@id\":\"https:\/\/ortopad.cz\/#\/schema\/logo\/image\/\"}}]}<\/script>\n<!-- \/ Yoast SEO plugin. -->","yoast_head_json":{"title":"Co jsou Ortopad? - Ortopad\u00ae - ofici\u00e1ln\u00ed e-shop","robots":{"index":"index","follow":"follow","max-snippet":"max-snippet:-1","max-image-preview":"max-image-preview:large","max-video-preview":"max-video-preview:-1"},"canonical":"https:\/\/ortopad.cz\/sk\/co-jsou-ortopad\/?wmc-currency=EUR","og_locale":"sk_SK","og_type":"article","og_title":"Co jsou Ortopad? - Ortopad\u00ae - ofici\u00e1ln\u00ed e-shop","og_description":"O\u010dn\u00ed n\u00e1plasti Ortopad jsou speci\u00e1ln\u011b navr\u017een\u00e9 pro d\u011bti, kter\u00e9 podstupuj\u00ed l\u00e9\u010dbu tupozrakosti (amblyopie). D\u00edky pestr\u00fdm a hrav\u00fdm motiv\u016fm si je obl\u00edb\u00ed i ti nejmen\u0161\u00ed, a ka\u017edodenn\u00ed no\u0161en\u00ed se tak st\u00e1v\u00e1 snesiteln\u011bj\u0161\u00edm \u2013 n\u011bkdy dokonce i z\u00e1bavn\u00fdm. Na v\u00fdb\u011br jsou motivy pro holky, kluky i univerz\u00e1ln\u00ed varianty a ka\u017ed\u00e9 balen\u00ed obsahuje p\u011bt r\u016fzn\u00fdch design\u016f, kter\u00e9 se [&hellip;]","og_url":"https:\/\/ortopad.cz\/sk\/co-jsou-ortopad\/?wmc-currency=EUR","og_site_name":"Ortopad\u00ae - ofici\u00e1ln\u00ed e-shop","article_modified_time":"2025-08-12T19:19:24+00:00","twitter_card":"summary_large_image","twitter_misc":{"Predpokladan\u00fd \u010das \u010d\u00edtania":"3 min\u00faty"},"schema":{"@context":"https:\/\/schema.org","@graph":[{"@type":"WebPage","@id":"https:\/\/ortopad.cz\/co-jsou-ortopad\/","url":"https:\/\/ortopad.cz\/co-jsou-ortopad\/","name":"Co jsou Ortopad? - Ortopad\u00ae - ofici\u00e1ln\u00ed e-shop","isPartOf":{"@id":"https:\/\/ortopad.cz\/#website"},"datePublished":"2025-06-20T23:45:48+00:00","dateModified":"2025-08-12T19:19:24+00:00","breadcrumb":{"@id":"https:\/\/ortopad.cz\/co-jsou-ortopad\/#breadcrumb"},"inLanguage":"sk-SK","potentialAction":[{"@type":"ReadAction","target":["https:\/\/ortopad.cz\/co-jsou-ortopad\/"]}]},{"@type":"BreadcrumbList","@id":"https:\/\/ortopad.cz\/co-jsou-ortopad\/#breadcrumb","itemListElement":[{"@type":"ListItem","position":1,"name":"Dom\u016f","item":"https:\/\/ortopad.cz\/"},{"@type":"ListItem","position":2,"name":"Co jsou Ortopad?"}]},{"@type":"WebSite","@id":"https:\/\/ortopad.cz\/#website","url":"https:\/\/ortopad.cz\/","name":"Ortopad\u00ae - ofici\u00e1ln\u00ed e-shop","description":"Ofici\u00e1ln\u00ed distributor pro Okluzn\u00ed n\u00e1plasti Ortopad","publisher":{"@id":"https:\/\/ortopad.cz\/#organization"},"potentialAction":[{"@type":"SearchAction","target":{"@type":"EntryPoint","urlTemplate":"https:\/\/ortopad.cz\/?s={search_term_string}"},"query-input":{"@type":"PropertyValueSpecification","valueRequired":true,"valueName":"search_term_string"}}],"inLanguage":"sk-SK"},{"@type":"Organization","@id":"https:\/\/ortopad.cz\/#organization","name":"Ortopad\u00ae - ofici\u00e1ln\u00ed e-shop","url":"https:\/\/ortopad.cz\/","logo":{"@type":"ImageObject","inLanguage":"sk-SK","@id":"https:\/\/ortopad.cz\/#\/schema\/logo\/image\/","url":"https:\/\/ortopad.cz\/wp-content\/uploads\/2025\/06\/Logo-medical-vision.webp","contentUrl":"https:\/\/ortopad.cz\/wp-content\/uploads\/2025\/06\/Logo-medical-vision.webp","width":1072,"height":482,"caption":"Ortopad\u00ae - ofici\u00e1ln\u00ed e-shop"},"image":{"@id":"https:\/\/ortopad.cz\/#\/schema\/logo\/image\/"}}]}},"_links":{"self":[{"href":"https:\/\/ortopad.cz\/sk\/wp-json\/wp\/v2\/pages\/605","targetHints":{"allow":["GET"]}}],"collection":[{"href":"https:\/\/ortopad.cz\/sk\/wp-json\/wp\/v2\/pages"}],"about":[{"href":"https:\/\/ortopad.cz\/sk\/wp-json\/wp\/v2\/types\/page"}],"author":[{"embeddable":true,"href":"https:\/\/ortopad.cz\/sk\/wp-json\/wp\/v2\/users\/1"}],"replies":[{"embeddable":true,"href":"https:\/\/ortopad.cz\/sk\/wp-json\/wp\/v2\/comments?post=605"}],"version-history":[{"count":0,"href":"https:\/\/ortopad.cz\/sk\/wp-json\/wp\/v2\/pages\/605\/revisions"}],"wp:attachment":[{"href":"https:\/\/ortopad.cz\/sk\/wp-json\/wp\/v2\/media?parent=605"}],"curies":[{"name":"wp","href":"https:\/\/api.w.org\/{rel}","templated":true}]}}